{"id":5213,"date":"2025-05-14T16:08:10","date_gmt":"2025-05-14T16:08:10","guid":{"rendered":"https:\/\/www.jazykovekurzypraha.cz\/?page_id=5213"},"modified":"2025-09-14T18:21:38","modified_gmt":"2025-09-14T18:21:38","slug":"kurzyitalstiny","status":"publish","type":"page","link":"https:\/\/www.jazykovekurzypraha.cz\/index.php\/kurzyitalstiny\/","title":{"rendered":"Kurzy ital\u0161tiny"},"content":{"rendered":"\t\t<div data-elementor-type=\"wp-page\" data-elementor-id=\"5213\" class=\"elementor elementor-5213\">\n\t\t\t\t\t\t<section class=\"elementor-section elementor-top-section elementor-element elementor-element-4e39a170 elementor-section-height-min-height elementor-section-content-middle elementor-section-boxed elementor-section-height-default elementor-section-items-middle\" data-id=\"4e39a170\" data-element_type=\"section\" data-e-type=\"section\" data-settings=\"{&quot;background_background&quot;:&quot;classic&quot;}\">\n\t\t\t\t\t\t\t<div class=\"elementor-background-overlay\"><\/div>\n\t\t\t\t\t\t\t<div class=\"elementor-container elementor-column-gap-no\">\n\t\t\t\t\t<div class=\"elementor-column elementor-col-100 elementor-top-column elementor-element elementor-element-50c5564c\" data-id=\"50c5564c\" data-element_type=\"column\" data-e-type=\"column\" data-settings=\"{&quot;background_background&quot;:&quot;classic&quot;}\">\n\t\t\t<div class=\"elementor-widget-wrap elementor-element-populated\">\n\t\t\t\t\t\t<div class=\"elementor-element elementor-element-c9980f9 elementor-widget elementor-widget-heading\" data-id=\"c9980f9\" data-element_type=\"widget\" data-e-type=\"widget\" data-widget_type=\"heading.default\">\n\t\t\t\t<div class=\"elementor-widget-container\">\n\t\t\t\t\t<h2 class=\"elementor-heading-title elementor-size-default\">Kurzy ital\u0161tiny<\/h2>\t\t\t\t<\/div>\n\t\t\t\t<\/div>\n\t\t\t\t\t<\/div>\n\t\t<\/div>\n\t\t\t\t\t<\/div>\n\t\t<\/section>\n\t\t\t\t<section class=\"elementor-section elementor-top-section elementor-element elementor-element-128df2a elementor-section-boxed elementor-section-height-default elementor-section-height-default\" data-id=\"128df2a\" data-element_type=\"section\" data-e-type=\"section\">\n\t\t\t\t\t\t<div class=\"elementor-container elementor-column-gap-default\">\n\t\t\t\t\t<div class=\"elementor-column elementor-col-50 elementor-top-column elementor-element elementor-element-8c37563\" data-id=\"8c37563\" data-element_type=\"column\" data-e-type=\"column\">\n\t\t\t<div class=\"elementor-widget-wrap elementor-element-populated\">\n\t\t\t\t\t\t<div class=\"elementor-element elementor-element-f4bbf04 elementor-widget elementor-widget-text-editor\" data-id=\"f4bbf04\" data-element_type=\"widget\" data-e-type=\"widget\" data-widget_type=\"text-editor.default\">\n\t\t\t\t<div class=\"elementor-widget-container\">\n\t\t\t\t\t\t\t\t\t<p>Ital\u0161tina je jazyk um\u011bn\u00ed, m\u00f3dy, hudby i kulin\u00e1\u0159stv\u00ed \u2013 zkr\u00e1tka jazyk, kter\u00fd inspiruje a bav\u00ed. Mluv\u00ed j\u00ed v\u00edce ne\u017e 70 milion\u016f lid\u00ed a je ofici\u00e1ln\u00edm jazykem nejen v It\u00e1lii, ale i ve \u0160v\u00fdcarsku a n\u011bkter\u00fdch oblastech Slovinska a Chorvatska. Znalost ital\u0161tiny v\u00e1m otev\u0159e dve\u0159e k autentick\u00fdm z\u00e1\u017eitk\u016fm p\u0159i cestov\u00e1n\u00ed, pom\u016f\u017ee l\u00e9pe porozum\u011bt evropsk\u00e9 kultu\u0159e a historii a m\u016f\u017ee b\u00fdt v\u00fdhodou v profes\u00edch spojen\u00fdch s designem, turismem nebo mezin\u00e1rodn\u00edm obchodem. Ital\u0161tina je melodick\u00e1, p\u0159irozen\u00e1 a u\u010den\u00ed s n\u00ed je radost.<\/p>\t\t\t\t\t\t\t\t<\/div>\n\t\t\t\t<\/div>\n\t\t\t\t\t<\/div>\n\t\t<\/div>\n\t\t\t\t<div class=\"elementor-column elementor-col-50 elementor-top-column elementor-element elementor-element-55be57b\" data-id=\"55be57b\" data-element_type=\"column\" data-e-type=\"column\">\n\t\t\t<div class=\"elementor-widget-wrap elementor-element-populated\">\n\t\t\t\t\t\t<div class=\"elementor-element elementor-element-f90abb1 elementor-widget elementor-widget-text-editor\" data-id=\"f90abb1\" data-element_type=\"widget\" data-e-type=\"widget\" data-widget_type=\"text-editor.default\">\n\t\t\t\t<div class=\"elementor-widget-container\">\n\t\t\t\t\t\t\t\t\t<p>Ital\u0161tina je kr\u00e1sn\u00fd, ale i specifick\u00fd jazyk, kter\u00fd vy\u017eaduje cit pro v\u00fdslovnost a gramatiku. Pr\u00e1v\u011b proto jsou ide\u00e1ln\u00ed volbou kurzy ital\u0161tiny veden\u00e9 odborn\u00edky. <a href=\"https:\/\/www.glossa.cz\/\" target=\"_blank\" rel=\"noopener\">Jazykov\u00e1 \u0161kola<\/a> v\u00e1m nab\u00eddne strukturovanou v\u00fduku, kde se u\u010d\u00edte efektivn\u011b a s motivac\u00ed. Pravideln\u00e9 <a href=\"https:\/\/www.glossa.cz\/jazykove-kurzy\/kurzy-italstiny\/\" target=\"_blank\" rel=\"noopener\">kurzy ital\u0161tiny<\/a> rozv\u00edjej\u00ed nejen slovn\u00ed z\u00e1sobu, ale i schopnost plynul\u00e9 komunikace. Jazykov\u00e1 \u0161kola nav\u00edc poskytuje zp\u011btnou vazbu, podporu a prostor pro procvi\u010dov\u00e1n\u00ed v p\u0159\u00e1telsk\u00e9m prost\u0159ed\u00ed. D\u00edky tomu v\u00e1s <a href=\"https:\/\/www.glossa.cz\/jazykove-kurzy\/kurzy-italstiny\/\" target=\"_blank\" rel=\"noopener\">kurzy ital\u0161tiny<\/a> budou bavit a u\u010den\u00ed se stane p\u0159irozenou sou\u010d\u00e1st\u00ed va\u0161eho dne. A\u0165 u\u017e za\u010d\u00edn\u00e1te nebo navazujete, jazykov\u00e1 \u0161kola v\u00e1m pom\u016f\u017ee naj\u00edt ten spr\u00e1vn\u00fd rytmus. Investice do kurz\u016f ital\u0161tiny v dobr\u00e9 jazykov\u00e9 \u0161kole se rozhodn\u011b vyplat\u00ed.<\/p>\t\t\t\t\t\t\t\t<\/div>\n\t\t\t\t<\/div>\n\t\t\t\t\t<\/div>\n\t\t<\/div>\n\t\t\t\t\t<\/div>\n\t\t<\/section>\n\t\t\t\t<\/div>\n\t\t","protected":false},"excerpt":{"rendered":"<p>Kurzy ital\u0161tiny Ital\u0161tina je jazyk um\u011bn\u00ed, m\u00f3dy, hudby i kulin\u00e1\u0159stv\u00ed \u2013 zkr\u00e1tka jazyk, kter\u00fd inspiruje a bav\u00ed. Mluv\u00ed j\u00ed v\u00edce ne\u017e 70 milion\u016f lid\u00ed a je ofici\u00e1ln\u00edm jazykem nejen v It\u00e1lii, ale i ve \u0160v\u00fdcarsku a n\u011bkter\u00fdch oblastech Slovinska a Chorvatska. Znalost ital\u0161tiny v\u00e1m otev\u0159e dve\u0159e k autentick\u00fdm z\u00e1\u017eitk\u016fm p\u0159i cestov\u00e1n\u00ed, pom\u016f\u017ee l\u00e9pe porozum\u011bt evropsk\u00e9 [&hellip;]<\/p>\n","protected":false},"author":2,"featured_media":0,"parent":0,"menu_order":0,"comment_status":"closed","ping_status":"closed","template":"","meta":{"postBodyCss":"","postBodyMargin":[],"postBodyPadding":[],"postBodyBackground":{"backgroundType":"classic","gradient":""},"site-sidebar-layout":"no-sidebar","site-content-layout":"","ast-site-content-layout":"full-width-container","site-content-style":"default","site-sidebar-style":"default","ast-global-header-display":"","ast-banner-title-visibility":"","ast-main-header-display":"","ast-hfb-above-header-display":"","ast-hfb-below-header-display":"","ast-hfb-mobile-header-display":"","site-post-title":"disabled","ast-breadcrumbs-content":"","ast-featured-img":"disabled","footer-sml-layout":"","ast-disable-related-posts":"","theme-transparent-header-meta":"","adv-header-id-meta":"","stick-header-meta":"","header-above-stick-meta":"","header-main-stick-meta":"","header-below-stick-meta":"","astra-migrate-meta-layouts":"default","ast-page-background-enabled":"default","ast-page-background-meta":{"desktop":{"background-color":"var(--ast-global-color-4)","background-image":"","background-repeat":"repeat","background-position":"center center","background-size":"auto","background-attachment":"scroll","background-type":"","background-media":"","overlay-type":"","overlay-color":"","overlay-opacity":"","overlay-gradient":""},"tablet":{"background-color":"","background-image":"","background-repeat":"repeat","background-position":"center center","background-size":"auto","background-attachment":"scroll","background-type":"","background-media":"","overlay-type":"","overlay-color":"","overlay-opacity":"","overlay-gradient":""},"mobile":{"background-color":"","background-image":"","background-repeat":"repeat","background-position":"center center","background-size":"auto","background-attachment":"scroll","background-type":"","background-media":"","overlay-type":"","overlay-color":"","overlay-opacity":"","overlay-gradient":""}},"ast-content-background-meta":{"desktop":{"background-color":"var(--ast-global-color-5)","background-image":"","background-repeat":"repeat","background-position":"center center","background-size":"auto","background-attachment":"scroll","background-type":"","background-media":"","overlay-type":"","overlay-color":"","overlay-opacity":"","overlay-gradient":""},"tablet":{"background-color":"var(--ast-global-color-5)","background-image":"","background-repeat":"repeat","background-position":"center center","background-size":"auto","background-attachment":"scroll","background-type":"","background-media":"","overlay-type":"","overlay-color":"","overlay-opacity":"","overlay-gradient":""},"mobile":{"background-color":"var(--ast-global-color-5)","background-image":"","background-repeat":"repeat","background-position":"center center","background-size":"auto","background-attachment":"scroll","background-type":"","background-media":"","overlay-type":"","overlay-color":"","overlay-opacity":"","overlay-gradient":""}},"footnotes":""},"class_list":["post-5213","page","type-page","status-publish","hentry"],"_links":{"self":[{"href":"https:\/\/www.jazykovekurzypraha.cz\/index.php\/wp-json\/wp\/v2\/pages\/5213","targetHints":{"allow":["GET"]}}],"collection":[{"href":"https:\/\/www.jazykovekurzypraha.cz\/index.php\/wp-json\/wp\/v2\/pages"}],"about":[{"href":"https:\/\/www.jazykovekurzypraha.cz\/index.php\/wp-json\/wp\/v2\/types\/page"}],"author":[{"embeddable":true,"href":"https:\/\/www.jazykovekurzypraha.cz\/index.php\/wp-json\/wp\/v2\/users\/2"}],"replies":[{"embeddable":true,"href":"https:\/\/www.jazykovekurzypraha.cz\/index.php\/wp-json\/wp\/v2\/comments?post=5213"}],"version-history":[{"count":16,"href":"https:\/\/www.jazykovekurzypraha.cz\/index.php\/wp-json\/wp\/v2\/pages\/5213\/revisions"}],"predecessor-version":[{"id":5336,"href":"https:\/\/www.jazykovekurzypraha.cz\/index.php\/wp-json\/wp\/v2\/pages\/5213\/revisions\/5336"}],"wp:attachment":[{"href":"https:\/\/www.jazykovekurzypraha.cz\/index.php\/wp-json\/wp\/v2\/media?parent=5213"}],"curies":[{"name":"wp","href":"https:\/\/api.w.org\/{rel}","templated":true}]}}