{"id":34,"date":"2023-12-31T18:44:06","date_gmt":"2023-12-31T18:44:06","guid":{"rendered":"https:\/\/www.jazykovekurzypraha.cz\/?page_id=34"},"modified":"2025-09-14T18:21:27","modified_gmt":"2025-09-14T18:21:27","slug":"kurzyfrancouzstiny","status":"publish","type":"page","link":"https:\/\/www.jazykovekurzypraha.cz\/index.php\/kurzyfrancouzstiny\/","title":{"rendered":"Kurzy francouz\u0161tiny"},"content":{"rendered":"\t\t<div data-elementor-type=\"wp-page\" data-elementor-id=\"34\" class=\"elementor elementor-34\">\n\t\t\t\t\t\t<section class=\"elementor-section elementor-top-section elementor-element elementor-element-41d9cba2 elementor-section-height-min-height elementor-section-content-middle elementor-section-boxed elementor-section-height-default elementor-section-items-middle\" data-id=\"41d9cba2\" data-element_type=\"section\" data-e-type=\"section\" data-settings=\"{&quot;background_background&quot;:&quot;classic&quot;}\">\n\t\t\t\t\t\t\t<div class=\"elementor-background-overlay\"><\/div>\n\t\t\t\t\t\t\t<div class=\"elementor-container elementor-column-gap-no\">\n\t\t\t\t\t<div class=\"elementor-column elementor-col-100 elementor-top-column elementor-element elementor-element-28432881\" data-id=\"28432881\" data-element_type=\"column\" data-e-type=\"column\" data-settings=\"{&quot;background_background&quot;:&quot;classic&quot;}\">\n\t\t\t<div class=\"elementor-widget-wrap elementor-element-populated\">\n\t\t\t\t\t\t<div class=\"elementor-element elementor-element-61527334 elementor-widget elementor-widget-heading\" data-id=\"61527334\" data-element_type=\"widget\" data-e-type=\"widget\" data-widget_type=\"heading.default\">\n\t\t\t\t<div class=\"elementor-widget-container\">\n\t\t\t\t\t<h1 class=\"elementor-heading-title elementor-size-default\">Kurzy francouz\u0161tiny<\/h1>\t\t\t\t<\/div>\n\t\t\t\t<\/div>\n\t\t\t\t\t<\/div>\n\t\t<\/div>\n\t\t\t\t\t<\/div>\n\t\t<\/section>\n\t\t\t\t<section class=\"elementor-section elementor-top-section elementor-element elementor-element-1d93ec6 elementor-section-boxed elementor-section-height-default elementor-section-height-default\" data-id=\"1d93ec6\" data-element_type=\"section\" data-e-type=\"section\">\n\t\t\t\t\t\t<div class=\"elementor-container elementor-column-gap-default\">\n\t\t\t\t\t<div class=\"elementor-column elementor-col-50 elementor-top-column elementor-element elementor-element-3841b4a\" data-id=\"3841b4a\" data-element_type=\"column\" data-e-type=\"column\">\n\t\t\t<div class=\"elementor-widget-wrap elementor-element-populated\">\n\t\t\t\t\t\t<div class=\"elementor-element elementor-element-75b75a6 elementor-widget elementor-widget-text-editor\" data-id=\"75b75a6\" data-element_type=\"widget\" data-e-type=\"widget\" data-widget_type=\"text-editor.default\">\n\t\t\t\t<div class=\"elementor-widget-container\">\n\t\t\t\t\t\t\t\t\t<p>Francouz\u0161tina je jazyk diplomacie, kultury a elegance. Mluv\u00ed j\u00ed v\u00edce ne\u017e 300 milion\u016f lid\u00ed na p\u011bti kontinentech a je \u00fa\u0159edn\u00edm jazykem v mnoha mezin\u00e1rodn\u00edch organizac\u00edch. Znalost francouz\u0161tiny otev\u00edr\u00e1 dve\u0159e ke studiu, pr\u00e1ci i podnik\u00e1n\u00ed nejen ve Francii, ale i v Kanad\u011b, Belgii, \u0160v\u00fdcarsku \u010di v Africe. V \u010cesk\u00e9 republice je oce\u0148ov\u00e1na p\u0159edev\u0161\u00edm v oblasti obchodu, turismu a mezin\u00e1rodn\u00edch vztah\u016f. P\u0159i cestov\u00e1n\u00ed je francouz\u0161tina nenahraditeln\u00e1 \u2013 znalost jazyka v\u00e1m umo\u017en\u00ed poznat m\u00edstn\u00ed kulturu zbl\u00edzka a navazovat opravdov\u00e9 mezilidsk\u00e9 kontakty.<\/p>\t\t\t\t\t\t\t\t<\/div>\n\t\t\t\t<\/div>\n\t\t\t\t\t<\/div>\n\t\t<\/div>\n\t\t\t\t<div class=\"elementor-column elementor-col-50 elementor-top-column elementor-element elementor-element-4356c71\" data-id=\"4356c71\" data-element_type=\"column\" data-e-type=\"column\">\n\t\t\t<div class=\"elementor-widget-wrap elementor-element-populated\">\n\t\t\t\t\t\t<div class=\"elementor-element elementor-element-2c59fcb elementor-widget elementor-widget-text-editor\" data-id=\"2c59fcb\" data-element_type=\"widget\" data-e-type=\"widget\" data-widget_type=\"text-editor.default\">\n\t\t\t\t<div class=\"elementor-widget-container\">\n\t\t\t\t\t\t\t\t\t<p>Znalost francouz\u0161tiny je v\u00fdhodou nejen p\u0159i cestov\u00e1n\u00ed, ale i v profesn\u00edm \u017eivot\u011b. <a href=\"https:\/\/www.glossa.cz\/jazykove-kurzy\/kurzy-francouzstiny\/\">Kurzy francouz\u0161tiny<\/a> rozv\u00edjej\u00ed schopnost domluvit se v praxi, porozum\u011bt kultu\u0159e i efektivn\u011b komunikovat v mezin\u00e1rodn\u00edm prost\u0159ed\u00ed. Nejlep\u0161\u00edch v\u00fdsledk\u016f dos\u00e1hnete, kdy\u017e v\u00e1s vede zku\u0161en\u00fd lektor \u2013 pr\u00e1v\u011b to nab\u00edz\u00ed <a href=\"https:\/\/www.glossa.cz\/\">jazykov\u00e1 \u0161kola<\/a>. Strukturovan\u00e9 kurzy francouz\u0161tiny v\u00e1s provedou gramatikou i v\u00fdslovnost\u00ed a pomohou p\u0159ekonat jazykov\u00e9 bari\u00e9ry. Jazykov\u00e1 \u0161kola vytv\u00e1\u0159\u00ed motivuj\u00edc\u00ed prost\u0159ed\u00ed, kde se u\u010d\u00edte aktivn\u011b a bez stresu. Pravideln\u00e9 <a href=\"https:\/\/www.glossa.cz\/jazykove-kurzy\/kurzy-francouzstiny\/\" target=\"_blank\" rel=\"noopener\">kurzy francouz\u0161tiny<\/a> podporuj\u00ed dlouhodob\u00e9 zapamatov\u00e1n\u00ed i rozvoj plynulosti. D\u00edky tomu, \u017ee jazykov\u00e1 \u0161kola nab\u00edz\u00ed v\u00fduku p\u0159izp\u016fsobenou dosp\u011bl\u00fdm, je u\u010den\u00ed efektivn\u00ed a p\u0159irozen\u00e9. Investice do kurz\u016f francouz\u0161tiny v kvalitn\u00ed jazykov\u00e9 \u0161kole se mnohon\u00e1sobn\u011b vyplat\u00ed.<\/p>\t\t\t\t\t\t\t\t<\/div>\n\t\t\t\t<\/div>\n\t\t\t\t\t<\/div>\n\t\t<\/div>\n\t\t\t\t\t<\/div>\n\t\t<\/section>\n\t\t\t\t<\/div>\n\t\t","protected":false},"excerpt":{"rendered":"<p>Kurzy francouz\u0161tiny Francouz\u0161tina je jazyk diplomacie, kultury a elegance. Mluv\u00ed j\u00ed v\u00edce ne\u017e 300 milion\u016f lid\u00ed na p\u011bti kontinentech a je \u00fa\u0159edn\u00edm jazykem v mnoha mezin\u00e1rodn\u00edch organizac\u00edch. Znalost francouz\u0161tiny otev\u00edr\u00e1 dve\u0159e ke studiu, pr\u00e1ci i podnik\u00e1n\u00ed nejen ve Francii, ale i v Kanad\u011b, Belgii, \u0160v\u00fdcarsku \u010di v Africe. V \u010cesk\u00e9 republice je oce\u0148ov\u00e1na p\u0159edev\u0161\u00edm v [&hellip;]<\/p>\n","protected":false},"author":2,"featured_media":0,"parent":0,"menu_order":0,"comment_status":"closed","ping_status":"closed","template":"","meta":{"postBodyCss":"","postBodyMargin":[],"postBodyPadding":[],"postBodyBackground":{"backgroundType":"classic","gradient":""},"site-sidebar-layout":"no-sidebar","site-content-layout":"","ast-site-content-layout":"full-width-container","site-content-style":"default","site-sidebar-style":"default","ast-global-header-display":"","ast-banner-title-visibility":"","ast-main-header-display":"","ast-hfb-above-header-display":"","ast-hfb-below-header-display":"","ast-hfb-mobile-header-display":"","site-post-title":"disabled","ast-breadcrumbs-content":"","ast-featured-img":"disabled","footer-sml-layout":"","ast-disable-related-posts":"","theme-transparent-header-meta":"","adv-header-id-meta":"","stick-header-meta":"","header-above-stick-meta":"","header-main-stick-meta":"","header-below-stick-meta":"","astra-migrate-meta-layouts":"default","ast-page-background-enabled":"default","ast-page-background-meta":{"desktop":{"background-color":"var(--ast-global-color-4)","background-image":"","background-repeat":"repeat","background-position":"center center","background-size":"auto","background-attachment":"scroll","background-type":"","background-media":"","overlay-type":"","overlay-color":"","overlay-opacity":"","overlay-gradient":""},"tablet":{"background-color":"","background-image":"","background-repeat":"repeat","background-position":"center center","background-size":"auto","background-attachment":"scroll","background-type":"","background-media":"","overlay-type":"","overlay-color":"","overlay-opacity":"","overlay-gradient":""},"mobile":{"background-color":"","background-image":"","background-repeat":"repeat","background-position":"center center","background-size":"auto","background-attachment":"scroll","background-type":"","background-media":"","overlay-type":"","overlay-color":"","overlay-opacity":"","overlay-gradient":""}},"ast-content-background-meta":{"desktop":{"background-color":"var(--ast-global-color-5)","background-image":"","background-repeat":"repeat","background-position":"center center","background-size":"auto","background-attachment":"scroll","background-type":"","background-media":"","overlay-type":"","overlay-color":"","overlay-opacity":"","overlay-gradient":""},"tablet":{"background-color":"var(--ast-global-color-5)","background-image":"","background-repeat":"repeat","background-position":"center center","background-size":"auto","background-attachment":"scroll","background-type":"","background-media":"","overlay-type":"","overlay-color":"","overlay-opacity":"","overlay-gradient":""},"mobile":{"background-color":"var(--ast-global-color-5)","background-image":"","background-repeat":"repeat","background-position":"center center","background-size":"auto","background-attachment":"scroll","background-type":"","background-media":"","overlay-type":"","overlay-color":"","overlay-opacity":"","overlay-gradient":""}},"footnotes":""},"class_list":["post-34","page","type-page","status-publish","hentry"],"_links":{"self":[{"href":"https:\/\/www.jazykovekurzypraha.cz\/index.php\/wp-json\/wp\/v2\/pages\/34","targetHints":{"allow":["GET"]}}],"collection":[{"href":"https:\/\/www.jazykovekurzypraha.cz\/index.php\/wp-json\/wp\/v2\/pages"}],"about":[{"href":"https:\/\/www.jazykovekurzypraha.cz\/index.php\/wp-json\/wp\/v2\/types\/page"}],"author":[{"embeddable":true,"href":"https:\/\/www.jazykovekurzypraha.cz\/index.php\/wp-json\/wp\/v2\/users\/2"}],"replies":[{"embeddable":true,"href":"https:\/\/www.jazykovekurzypraha.cz\/index.php\/wp-json\/wp\/v2\/comments?post=34"}],"version-history":[{"count":14,"href":"https:\/\/www.jazykovekurzypraha.cz\/index.php\/wp-json\/wp\/v2\/pages\/34\/revisions"}],"predecessor-version":[{"id":5347,"href":"https:\/\/www.jazykovekurzypraha.cz\/index.php\/wp-json\/wp\/v2\/pages\/34\/revisions\/5347"}],"wp:attachment":[{"href":"https:\/\/www.jazykovekurzypraha.cz\/index.php\/wp-json\/wp\/v2\/media?parent=34"}],"curies":[{"name":"wp","href":"https:\/\/api.w.org\/{rel}","templated":true}]}}