{"id":32,"date":"2023-12-31T18:42:19","date_gmt":"2023-12-31T18:42:19","guid":{"rendered":"https:\/\/www.jazykovekurzypraha.cz\/?page_id=32"},"modified":"2025-09-14T18:22:18","modified_gmt":"2025-09-14T18:22:18","slug":"kurzynemciny","status":"publish","type":"page","link":"https:\/\/www.jazykovekurzypraha.cz\/index.php\/kurzynemciny\/","title":{"rendered":"Kurzy n\u011bm\u010diny"},"content":{"rendered":"\t\t<div data-elementor-type=\"wp-page\" data-elementor-id=\"32\" class=\"elementor elementor-32\">\n\t\t\t\t\t\t<section class=\"elementor-section elementor-top-section elementor-element elementor-element-3874459e elementor-section-height-min-height elementor-section-content-middle elementor-section-boxed elementor-section-height-default elementor-section-items-middle\" data-id=\"3874459e\" data-element_type=\"section\" data-e-type=\"section\" data-settings=\"{&quot;background_background&quot;:&quot;classic&quot;}\">\n\t\t\t\t\t\t\t<div class=\"elementor-background-overlay\"><\/div>\n\t\t\t\t\t\t\t<div class=\"elementor-container elementor-column-gap-no\">\n\t\t\t\t\t<div class=\"elementor-column elementor-col-100 elementor-top-column elementor-element elementor-element-74683653\" data-id=\"74683653\" data-element_type=\"column\" data-e-type=\"column\" data-settings=\"{&quot;background_background&quot;:&quot;classic&quot;}\">\n\t\t\t<div class=\"elementor-widget-wrap elementor-element-populated\">\n\t\t\t\t\t\t<div class=\"elementor-element elementor-element-9c762cd elementor-widget elementor-widget-heading\" data-id=\"9c762cd\" data-element_type=\"widget\" data-e-type=\"widget\" data-widget_type=\"heading.default\">\n\t\t\t\t<div class=\"elementor-widget-container\">\n\t\t\t\t\t<h1 class=\"elementor-heading-title elementor-size-default\">Kurzy n\u011bm\u010diny<\/h1>\t\t\t\t<\/div>\n\t\t\t\t<\/div>\n\t\t\t\t\t<\/div>\n\t\t<\/div>\n\t\t\t\t\t<\/div>\n\t\t<\/section>\n\t\t\t\t<section class=\"elementor-section elementor-top-section elementor-element elementor-element-a7c4afa elementor-section-boxed elementor-section-height-default elementor-section-height-default\" data-id=\"a7c4afa\" data-element_type=\"section\" data-e-type=\"section\">\n\t\t\t\t\t\t<div class=\"elementor-container elementor-column-gap-default\">\n\t\t\t\t\t<div class=\"elementor-column elementor-col-50 elementor-top-column elementor-element elementor-element-cafb205\" data-id=\"cafb205\" data-element_type=\"column\" data-e-type=\"column\">\n\t\t\t<div class=\"elementor-widget-wrap elementor-element-populated\">\n\t\t\t\t\t\t<div class=\"elementor-element elementor-element-a5f7665 elementor-widget elementor-widget-text-editor\" data-id=\"a5f7665\" data-element_type=\"widget\" data-e-type=\"widget\" data-widget_type=\"text-editor.default\">\n\t\t\t\t<div class=\"elementor-widget-container\">\n\t\t\t\t\t\t\t\t\t<p>N\u011bm\u010dina je jazykem na\u0161ich nejbli\u017e\u0161\u00edch soused\u016f a z\u00e1rove\u0148 jedn\u00edm z nejd\u016fle\u017eit\u011bj\u0161\u00edch jazyk\u016f Evropy. Mluv\u00ed j\u00ed p\u0159es 100 milion\u016f lid\u00ed jako mate\u0159sk\u00fdm jazykem a je nejroz\u0161\u00ed\u0159en\u011bj\u0161\u00ed rodn\u00fd jazyk v EU. V kontextu \u010cesk\u00e9 republiky m\u00e1 n\u011bm\u010dina mimo\u0159\u00e1dn\u00fd v\u00fdznam \u2013 N\u011bmecko a Rakousko jsou na\u0161i kl\u00ed\u010dov\u00ed obchodn\u00ed partne\u0159i a tis\u00edce \u010cech\u016f zde pracuj\u00ed nebo podnikaj\u00ed. Znalost n\u011bm\u010diny v\u00fdrazn\u011b zvy\u0161uje uplatn\u011bn\u00ed na trhu pr\u00e1ce, zejm\u00e9na v pr\u016fmyslu, slu\u017eb\u00e1ch i turistice. Nav\u00edc jde o jazyk, kter\u00fd je historicky \u00fazce spjat s \u010deskou kulturou, v\u011bdou i literaturou.<\/p>\t\t\t\t\t\t\t\t<\/div>\n\t\t\t\t<\/div>\n\t\t\t\t\t<\/div>\n\t\t<\/div>\n\t\t\t\t<div class=\"elementor-column elementor-col-50 elementor-top-column elementor-element elementor-element-f051cf8\" data-id=\"f051cf8\" data-element_type=\"column\" data-e-type=\"column\">\n\t\t\t<div class=\"elementor-widget-wrap elementor-element-populated\">\n\t\t\t\t\t\t<div class=\"elementor-element elementor-element-0cab29a elementor-widget elementor-widget-text-editor\" data-id=\"0cab29a\" data-element_type=\"widget\" data-e-type=\"widget\" data-widget_type=\"text-editor.default\">\n\t\t\t\t<div class=\"elementor-widget-container\">\n\t\t\t\t\t\t\t\t\t<p>Znalost n\u011bm\u010diny je cenn\u00e1 v ka\u017ed\u00e9m v\u011bku a jej\u00ed osvojen\u00ed m\u00e1 smysl i pro dosp\u011bl\u00e9. Pr\u00e1v\u011b dosp\u011bl\u00fd student \u010dasto v\u00ed, pro\u010d se jazyk u\u010d\u00ed \u2013 kv\u016fli pr\u00e1ci, cestov\u00e1n\u00ed nebo osobn\u00edmu r\u016fstu. <a href=\"https:\/\/www.glossa.cz\/jazykove-kurzy\/kurzy-nemciny\/\" target=\"_blank\" rel=\"noopener\">Kurzy n\u011bm\u010diny<\/a> pom\u00e1haj\u00ed udr\u017eet mozek aktivn\u00ed a rozv\u00edjej\u00ed komunika\u010dn\u00ed schopnosti. Nejlep\u0161\u00ed v\u00fdsledky p\u0159in\u00e1\u0161\u00ed v\u00fduka v prost\u0159ed\u00ed, kter\u00e9 nab\u00edz\u00ed <a href=\"https:\/\/www.glossa.cz\/\" target=\"_blank\" rel=\"noopener\">jazykov\u00e1 \u0161kola<\/a> \u2013 profesion\u00e1ln\u00ed p\u0159\u00edstup, strukturovan\u00fd pl\u00e1n a motivuj\u00edc\u00ed kolektiv. Jazykov\u00e1 \u0161kola p\u0159izp\u016fsob\u00ed v\u00fduku pot\u0159eb\u00e1m dosp\u011bl\u00fdch a pom\u016f\u017ee p\u0159ekonat po\u010d\u00e1te\u010dn\u00ed ostych. Pravideln\u00e9 <a href=\"https:\/\/www.glossa.cz\/jazykove-kurzy\/kurzy-nemciny\/\" target=\"_blank\" rel=\"noopener\">kurzy n\u011bm\u010diny<\/a> ve skupin\u011b i individu\u00e1ln\u011b p\u0159in\u00e1\u0161ej\u00ed rychl\u00fd pokrok a praktick\u00e9 dovednosti. Jazykov\u00e1 \u0161kola vytv\u00e1\u0159\u00ed ide\u00e1ln\u00ed podm\u00ednky pro to, aby u\u010den\u00ed bylo efektivn\u00ed i z\u00e1bavn\u00e9. D\u00edky kurz\u016fm n\u011bm\u010diny m\u016f\u017eete roz\u0161\u00ed\u0159it sv\u00e9 profesn\u00ed mo\u017enosti i osobn\u00ed obzory. A\u0165 u\u017e za\u010d\u00edn\u00e1te od nuly, nebo chcete osv\u011b\u017eit znalosti, jazykov\u00e1 \u0161kola v\u00e1m d\u00e1 ten spr\u00e1vn\u00fd sm\u011br.<\/p>\t\t\t\t\t\t\t\t<\/div>\n\t\t\t\t<\/div>\n\t\t\t\t\t<\/div>\n\t\t<\/div>\n\t\t\t\t\t<\/div>\n\t\t<\/section>\n\t\t\t\t<\/div>\n\t\t","protected":false},"excerpt":{"rendered":"<p>Kurzy n\u011bm\u010diny N\u011bm\u010dina je jazykem na\u0161ich nejbli\u017e\u0161\u00edch soused\u016f a z\u00e1rove\u0148 jedn\u00edm z nejd\u016fle\u017eit\u011bj\u0161\u00edch jazyk\u016f Evropy. Mluv\u00ed j\u00ed p\u0159es 100 milion\u016f lid\u00ed jako mate\u0159sk\u00fdm jazykem a je nejroz\u0161\u00ed\u0159en\u011bj\u0161\u00ed rodn\u00fd jazyk v EU. V kontextu \u010cesk\u00e9 republiky m\u00e1 n\u011bm\u010dina mimo\u0159\u00e1dn\u00fd v\u00fdznam \u2013 N\u011bmecko a Rakousko jsou na\u0161i kl\u00ed\u010dov\u00ed obchodn\u00ed partne\u0159i a tis\u00edce \u010cech\u016f zde pracuj\u00ed nebo podnikaj\u00ed. [&hellip;]<\/p>\n","protected":false},"author":2,"featured_media":0,"parent":0,"menu_order":0,"comment_status":"closed","ping_status":"closed","template":"","meta":{"postBodyCss":"","postBodyMargin":[],"postBodyPadding":[],"postBodyBackground":{"backgroundType":"classic","gradient":""},"site-sidebar-layout":"no-sidebar","site-content-layout":"","ast-site-content-layout":"full-width-container","site-content-style":"default","site-sidebar-style":"default","ast-global-header-display":"","ast-banner-title-visibility":"","ast-main-header-display":"","ast-hfb-above-header-display":"","ast-hfb-below-header-display":"","ast-hfb-mobile-header-display":"","site-post-title":"disabled","ast-breadcrumbs-content":"","ast-featured-img":"disabled","footer-sml-layout":"","ast-disable-related-posts":"","theme-transparent-header-meta":"","adv-header-id-meta":"","stick-header-meta":"","header-above-stick-meta":"","header-main-stick-meta":"","header-below-stick-meta":"","astra-migrate-meta-layouts":"default","ast-page-background-enabled":"default","ast-page-background-meta":{"desktop":{"background-color":"var(--ast-global-color-4)","background-image":"","background-repeat":"repeat","background-position":"center center","background-size":"auto","background-attachment":"scroll","background-type":"","background-media":"","overlay-type":"","overlay-color":"","overlay-opacity":"","overlay-gradient":""},"tablet":{"background-color":"","background-image":"","background-repeat":"repeat","background-position":"center center","background-size":"auto","background-attachment":"scroll","background-type":"","background-media":"","overlay-type":"","overlay-color":"","overlay-opacity":"","overlay-gradient":""},"mobile":{"background-color":"","background-image":"","background-repeat":"repeat","background-position":"center center","background-size":"auto","background-attachment":"scroll","background-type":"","background-media":"","overlay-type":"","overlay-color":"","overlay-opacity":"","overlay-gradient":""}},"ast-content-background-meta":{"desktop":{"background-color":"var(--ast-global-color-5)","background-image":"","background-repeat":"repeat","background-position":"center center","background-size":"auto","background-attachment":"scroll","background-type":"","background-media":"","overlay-type":"","overlay-color":"","overlay-opacity":"","overlay-gradient":""},"tablet":{"background-color":"var(--ast-global-color-5)","background-image":"","background-repeat":"repeat","background-position":"center center","background-size":"auto","background-attachment":"scroll","background-type":"","background-media":"","overlay-type":"","overlay-color":"","overlay-opacity":"","overlay-gradient":""},"mobile":{"background-color":"var(--ast-global-color-5)","background-image":"","background-repeat":"repeat","background-position":"center center","background-size":"auto","background-attachment":"scroll","background-type":"","background-media":"","overlay-type":"","overlay-color":"","overlay-opacity":"","overlay-gradient":""}},"footnotes":""},"class_list":["post-32","page","type-page","status-publish","hentry"],"_links":{"self":[{"href":"https:\/\/www.jazykovekurzypraha.cz\/index.php\/wp-json\/wp\/v2\/pages\/32","targetHints":{"allow":["GET"]}}],"collection":[{"href":"https:\/\/www.jazykovekurzypraha.cz\/index.php\/wp-json\/wp\/v2\/pages"}],"about":[{"href":"https:\/\/www.jazykovekurzypraha.cz\/index.php\/wp-json\/wp\/v2\/types\/page"}],"author":[{"embeddable":true,"href":"https:\/\/www.jazykovekurzypraha.cz\/index.php\/wp-json\/wp\/v2\/users\/2"}],"replies":[{"embeddable":true,"href":"https:\/\/www.jazykovekurzypraha.cz\/index.php\/wp-json\/wp\/v2\/comments?post=32"}],"version-history":[{"count":15,"href":"https:\/\/www.jazykovekurzypraha.cz\/index.php\/wp-json\/wp\/v2\/pages\/32\/revisions"}],"predecessor-version":[{"id":5348,"href":"https:\/\/www.jazykovekurzypraha.cz\/index.php\/wp-json\/wp\/v2\/pages\/32\/revisions\/5348"}],"wp:attachment":[{"href":"https:\/\/www.jazykovekurzypraha.cz\/index.php\/wp-json\/wp\/v2\/media?parent=32"}],"curies":[{"name":"wp","href":"https:\/\/api.w.org\/{rel}","templated":true}]}}