{"id":126,"date":"2023-12-31T18:46:55","date_gmt":"2023-12-31T18:46:55","guid":{"rendered":"https:\/\/www.jazykovekurzypraha.cz\/?page_id=126"},"modified":"2025-09-14T18:22:23","modified_gmt":"2025-09-14T18:22:23","slug":"kurzyspanelstiny","status":"publish","type":"page","link":"https:\/\/www.jazykovekurzypraha.cz\/index.php\/kurzyspanelstiny\/","title":{"rendered":"Kurzy \u0161pan\u011bl\u0161tiny"},"content":{"rendered":"\t\t<div data-elementor-type=\"wp-page\" data-elementor-id=\"126\" class=\"elementor elementor-126\">\n\t\t\t\t\t\t<section class=\"elementor-section elementor-top-section elementor-element elementor-element-4e39a170 elementor-section-height-min-height elementor-section-content-middle elementor-section-boxed elementor-section-height-default elementor-section-items-middle\" data-id=\"4e39a170\" data-element_type=\"section\" data-e-type=\"section\" data-settings=\"{&quot;background_background&quot;:&quot;classic&quot;}\">\n\t\t\t\t\t\t\t<div class=\"elementor-background-overlay\"><\/div>\n\t\t\t\t\t\t\t<div class=\"elementor-container elementor-column-gap-no\">\n\t\t\t\t\t<div class=\"elementor-column elementor-col-100 elementor-top-column elementor-element elementor-element-50c5564c\" data-id=\"50c5564c\" data-element_type=\"column\" data-e-type=\"column\" data-settings=\"{&quot;background_background&quot;:&quot;classic&quot;}\">\n\t\t\t<div class=\"elementor-widget-wrap elementor-element-populated\">\n\t\t\t\t\t\t<div class=\"elementor-element elementor-element-c9980f9 elementor-widget elementor-widget-heading\" data-id=\"c9980f9\" data-element_type=\"widget\" data-e-type=\"widget\" data-widget_type=\"heading.default\">\n\t\t\t\t<div class=\"elementor-widget-container\">\n\t\t\t\t\t<h2 class=\"elementor-heading-title elementor-size-default\">Kurzy \u0161pan\u011bl\u0161tiny<\/h2>\t\t\t\t<\/div>\n\t\t\t\t<\/div>\n\t\t\t\t\t<\/div>\n\t\t<\/div>\n\t\t\t\t\t<\/div>\n\t\t<\/section>\n\t\t\t\t<section class=\"elementor-section elementor-top-section elementor-element elementor-element-3deb8e1 elementor-section-boxed elementor-section-height-default elementor-section-height-default\" data-id=\"3deb8e1\" data-element_type=\"section\" data-e-type=\"section\">\n\t\t\t\t\t\t<div class=\"elementor-container elementor-column-gap-default\">\n\t\t\t\t\t<div class=\"elementor-column elementor-col-50 elementor-top-column elementor-element elementor-element-f08c8cb\" data-id=\"f08c8cb\" data-element_type=\"column\" data-e-type=\"column\">\n\t\t\t<div class=\"elementor-widget-wrap elementor-element-populated\">\n\t\t\t\t\t\t<div class=\"elementor-element elementor-element-fbf72a1 elementor-widget elementor-widget-text-editor\" data-id=\"fbf72a1\" data-element_type=\"widget\" data-e-type=\"widget\" data-widget_type=\"text-editor.default\">\n\t\t\t\t<div class=\"elementor-widget-container\">\n\t\t\t\t\t\t\t\t\t<p>\u0160pan\u011bl\u0161tina pat\u0159\u00ed mezi nejroz\u0161\u00ed\u0159en\u011bj\u0161\u00ed jazyky sv\u011bta \u2013 mluv\u00ed j\u00ed p\u0159es 500 milion\u016f lid\u00ed, a je ofici\u00e1ln\u00edm jazykem ve 21 zem\u00edch. Je to jazyk \u017eiv\u00e9 kultury, hudby, filmu a gastronomie. Znalost \u0161pan\u011bl\u0161tiny otev\u00edr\u00e1 dve\u0159e k Latinsk\u00e9 Americe i \u0160pan\u011blsku a je velmi cen\u011bn\u00e1 p\u0159i pr\u00e1ci v mezin\u00e1rodn\u00edch firm\u00e1ch, cestovn\u00edm ruchu i obchodu. Um\u011bt \u0161pan\u011blsky znamen\u00e1 v\u00edc ne\u017e jen komunikovat \u2013 znamen\u00e1 to ch\u00e1pat jin\u00fd zp\u016fsob my\u0161len\u00ed a pro\u017e\u00edvat sv\u011bt s temperamentem a radost\u00ed.<\/p>\t\t\t\t\t\t\t\t<\/div>\n\t\t\t\t<\/div>\n\t\t\t\t\t<\/div>\n\t\t<\/div>\n\t\t\t\t<div class=\"elementor-column elementor-col-50 elementor-top-column elementor-element elementor-element-b3dcc87\" data-id=\"b3dcc87\" data-element_type=\"column\" data-e-type=\"column\">\n\t\t\t<div class=\"elementor-widget-wrap elementor-element-populated\">\n\t\t\t\t\t\t<div class=\"elementor-element elementor-element-b617ae1 elementor-widget elementor-widget-text-editor\" data-id=\"b617ae1\" data-element_type=\"widget\" data-e-type=\"widget\" data-widget_type=\"text-editor.default\">\n\t\t\t\t<div class=\"elementor-widget-container\">\n\t\t\t\t\t\t\t\t\t<p>Znalost \u0161pan\u011bl\u0161tiny p\u0159in\u00e1\u0161\u00ed radost, nov\u00e9 z\u00e1\u017eitky i lep\u0161\u00ed uplatn\u011bn\u00ed na trhu pr\u00e1ce. Nejlep\u0161\u00ed cestou, jak se jazyk nau\u010dit efektivn\u011b a trvale, jsou kvalitn\u00ed kurzy \u0161pan\u011bl\u0161tiny v jazykov\u00e9 \u0161kole. Dobr\u00e1 <a href=\"https:\/\/www.glossa.cz\/\" target=\"_blank\" rel=\"noopener\">jazykov\u00e1 \u0161kola<\/a> nab\u00edz\u00ed v\u00fduku vedenou zku\u0161en\u00fdmi lektory, kte\u0159\u00ed v\u00e1s provedou cestou k\u00a0zvl\u00e1dnut\u00ed ciz\u00edho jazyka p\u0159irozen\u00fdm a z\u00e1bavn\u00fdm zp\u016fsobem. Pravideln\u00e9 <a href=\"https:\/\/www.glossa.cz\/jazykove-kurzy\/kurzy-spanelstiny\/\" target=\"_blank\" rel=\"noopener\">kurzy \u0161pan\u011bl\u0161tiny<\/a> pom\u00e1haj\u00ed udr\u017eet motivaci a rozv\u00edjet jazyk aktivn\u011b. Jazykov\u00e1 \u0161kola nav\u00edc poskytuje strukturu, zp\u011btnou vazbu a podporu p\u0159i u\u010den\u00ed. D\u00edky tomu jsou <a href=\"https:\/\/www.glossa.cz\/jazykove-kurzy\/kurzy-spanelstiny\/\" target=\"_blank\" rel=\"noopener\">kurzy \u0161pan\u011bl\u0161tiny<\/a> \u00fa\u010dinn\u011bj\u0161\u00ed ne\u017e samostudium. V p\u0159\u00e1telsk\u00e9m prost\u0159ed\u00ed, kter\u00e9 jazykov\u00e1 \u0161kola vytv\u00e1\u0159\u00ed, se ztr\u00e1c\u00ed ostych a p\u0159ich\u00e1z\u00ed radost z komunikace. A\u0165 za\u010d\u00edn\u00e1te nebo navazujete, kurzy \u0161pan\u011bl\u0161tiny v dobr\u00e9 jazykov\u00e9 \u0161kole v\u00e1m p\u0159inesou rychl\u00e9 v\u00fdsledky a chu\u0165 pokra\u010dovat d\u00e1l.<\/p>\t\t\t\t\t\t\t\t<\/div>\n\t\t\t\t<\/div>\n\t\t\t\t\t<\/div>\n\t\t<\/div>\n\t\t\t\t\t<\/div>\n\t\t<\/section>\n\t\t\t\t<\/div>\n\t\t","protected":false},"excerpt":{"rendered":"<p>Kurzy \u0161pan\u011bl\u0161tiny \u0160pan\u011bl\u0161tina pat\u0159\u00ed mezi nejroz\u0161\u00ed\u0159en\u011bj\u0161\u00ed jazyky sv\u011bta \u2013 mluv\u00ed j\u00ed p\u0159es 500 milion\u016f lid\u00ed, a je ofici\u00e1ln\u00edm jazykem ve 21 zem\u00edch. Je to jazyk \u017eiv\u00e9 kultury, hudby, filmu a gastronomie. Znalost \u0161pan\u011bl\u0161tiny otev\u00edr\u00e1 dve\u0159e k Latinsk\u00e9 Americe i \u0160pan\u011blsku a je velmi cen\u011bn\u00e1 p\u0159i pr\u00e1ci v mezin\u00e1rodn\u00edch firm\u00e1ch, cestovn\u00edm ruchu i obchodu. Um\u011bt \u0161pan\u011blsky [&hellip;]<\/p>\n","protected":false},"author":2,"featured_media":0,"parent":0,"menu_order":0,"comment_status":"closed","ping_status":"closed","template":"","meta":{"postBodyCss":"","postBodyMargin":[],"postBodyPadding":[],"postBodyBackground":{"backgroundType":"classic","gradient":""},"site-sidebar-layout":"no-sidebar","site-content-layout":"","ast-site-content-layout":"full-width-container","site-content-style":"default","site-sidebar-style":"default","ast-global-header-display":"","ast-banner-title-visibility":"","ast-main-header-display":"","ast-hfb-above-header-display":"","ast-hfb-below-header-display":"","ast-hfb-mobile-header-display":"","site-post-title":"disabled","ast-breadcrumbs-content":"","ast-featured-img":"disabled","footer-sml-layout":"","ast-disable-related-posts":"","theme-transparent-header-meta":"","adv-header-id-meta":"","stick-header-meta":"","header-above-stick-meta":"","header-main-stick-meta":"","header-below-stick-meta":"","astra-migrate-meta-layouts":"default","ast-page-background-enabled":"default","ast-page-background-meta":{"desktop":{"background-color":"var(--ast-global-color-4)","background-image":"","background-repeat":"repeat","background-position":"center center","background-size":"auto","background-attachment":"scroll","background-type":"","background-media":"","overlay-type":"","overlay-color":"","overlay-opacity":"","overlay-gradient":""},"tablet":{"background-color":"","background-image":"","background-repeat":"repeat","background-position":"center center","background-size":"auto","background-attachment":"scroll","background-type":"","background-media":"","overlay-type":"","overlay-color":"","overlay-opacity":"","overlay-gradient":""},"mobile":{"background-color":"","background-image":"","background-repeat":"repeat","background-position":"center center","background-size":"auto","background-attachment":"scroll","background-type":"","background-media":"","overlay-type":"","overlay-color":"","overlay-opacity":"","overlay-gradient":""}},"ast-content-background-meta":{"desktop":{"background-color":"var(--ast-global-color-5)","background-image":"","background-repeat":"repeat","background-position":"center center","background-size":"auto","background-attachment":"scroll","background-type":"","background-media":"","overlay-type":"","overlay-color":"","overlay-opacity":"","overlay-gradient":""},"tablet":{"background-color":"var(--ast-global-color-5)","background-image":"","background-repeat":"repeat","background-position":"center center","background-size":"auto","background-attachment":"scroll","background-type":"","background-media":"","overlay-type":"","overlay-color":"","overlay-opacity":"","overlay-gradient":""},"mobile":{"background-color":"var(--ast-global-color-5)","background-image":"","background-repeat":"repeat","background-position":"center center","background-size":"auto","background-attachment":"scroll","background-type":"","background-media":"","overlay-type":"","overlay-color":"","overlay-opacity":"","overlay-gradient":""}},"footnotes":""},"class_list":["post-126","page","type-page","status-publish","hentry"],"_links":{"self":[{"href":"https:\/\/www.jazykovekurzypraha.cz\/index.php\/wp-json\/wp\/v2\/pages\/126","targetHints":{"allow":["GET"]}}],"collection":[{"href":"https:\/\/www.jazykovekurzypraha.cz\/index.php\/wp-json\/wp\/v2\/pages"}],"about":[{"href":"https:\/\/www.jazykovekurzypraha.cz\/index.php\/wp-json\/wp\/v2\/types\/page"}],"author":[{"embeddable":true,"href":"https:\/\/www.jazykovekurzypraha.cz\/index.php\/wp-json\/wp\/v2\/users\/2"}],"replies":[{"embeddable":true,"href":"https:\/\/www.jazykovekurzypraha.cz\/index.php\/wp-json\/wp\/v2\/comments?post=126"}],"version-history":[{"count":24,"href":"https:\/\/www.jazykovekurzypraha.cz\/index.php\/wp-json\/wp\/v2\/pages\/126\/revisions"}],"predecessor-version":[{"id":5349,"href":"https:\/\/www.jazykovekurzypraha.cz\/index.php\/wp-json\/wp\/v2\/pages\/126\/revisions\/5349"}],"wp:attachment":[{"href":"https:\/\/www.jazykovekurzypraha.cz\/index.php\/wp-json\/wp\/v2\/media?parent=126"}],"curies":[{"name":"wp","href":"https:\/\/api.w.org\/{rel}","templated":true}]}}